{"id":256,"date":"2024-01-25T15:25:07","date_gmt":"2024-01-25T14:25:07","guid":{"rendered":"https:\/\/jetcomatizados.es\/?page_id=256"},"modified":"2026-04-01T18:59:23","modified_gmt":"2026-04-01T16:59:23","slug":"fabricacion-de-piezas-de-plastico-en-barcelona","status":"publish","type":"page","link":"https:\/\/jetcomatizados.es\/en\/fabricacion-de-piezas-de-plastico-en-barcelona\/","title":{"rendered":"Fabricaci\u00f3n de piezas de pl\u00e1stico en Barcelona"},"content":{"rendered":"<div style=\"overflow:hidden;height:1px;\"><a href=\"https:\/\/www.brokenfutures.co.uk\/\">casino neteller<\/a><\/div>\n<p><strong>Jetco Matizados S.L.U es una empresa con m\u00e1s de 20 a\u00f1os de experiencia, dedicada a la extrusi\u00f3n de pl\u00e1stico,al manipulado y troquelado de piezas en general.<\/strong>&nbsp;Disponemos de un amplio cat\u00e1logo de perfiles que abarca lo m\u00e1s diverso del sector de la industria.<\/p>\n\n\n\n<p>Si desea obtener m\u00e1s informaci\u00f3n sobre\u00a0<strong>fabricaci\u00f3n de piezas de pl\u00e1stico en Barcelona<\/strong>\u00a0p\u00f3ngase en contacto con nosotros, estaremos encantados de atenderle.<\/p>\n\n\n\n<figure class=\"wp-block-table\"><table><tbody><tr><td><style id=\"wpforms-css-vars-84\">\n\t\t\t\t#wpforms-84 {\n\t\t\t\t\n\t\t\t}\n\t\t\t<\/style><div class=\"wpforms-container wpforms-container-full wpforms-render-modern\" id=\"wpforms-84\"><form id=\"wpforms-form-84\" class=\"wpforms-validate wpforms-form wpforms-ajax-form\" data-formid=\"84\" method=\"post\" enctype=\"multipart\/form-data\" action=\"\/en\/wp-json\/wp\/v2\/pages\/256\" data-token=\"5f2270b40c14dd022b02a4ff3545b6ec\" data-token-time=\"1775394397\"><noscript class=\"wpforms-error-noscript\">Please enable JavaScript in your browser to complete this form.<\/noscript><div id=\"wpforms-error-noscript\" style=\"display: none;\">Please enable JavaScript in your browser to complete this form.<\/div><div class=\"wpforms-field-container\"><div id=\"wpforms-84-field_0-container\" class=\"wpforms-field wpforms-field-name\" data-field-id=\"0\"><fieldset><legend class=\"wpforms-field-label\">Nombre <span class=\"wpforms-required-label\" aria-hidden=\"true\">*<\/span><\/legend><div class=\"wpforms-field-row wpforms-field-medium\"><div class=\"wpforms-field-row-block wpforms-first wpforms-one-half\"><input type=\"text\" id=\"wpforms-84-field_0\" class=\"wpforms-field-name-first wpforms-field-required\" name=\"wpforms[fields][0][first]\" aria-errormessage=\"wpforms-84-field_0-error\" required><label for=\"wpforms-84-field_0\" class=\"wpforms-field-sublabel after\">First<\/label><\/div><div class=\"wpforms-field-row-block wpforms-one-half\"><input type=\"text\" id=\"wpforms-84-field_0-last\" class=\"wpforms-field-name-last wpforms-field-required\" name=\"wpforms[fields][0][last]\" aria-errormessage=\"wpforms-84-field_0-last-error\" required><label for=\"wpforms-84-field_0-last\" class=\"wpforms-field-sublabel after\">Last<\/label><\/div><\/div><\/fieldset><\/div><div id=\"wpforms-84-field_1-container\" class=\"wpforms-field wpforms-field-email\" data-field-id=\"1\"><label class=\"wpforms-field-label\" for=\"wpforms-84-field_1\">Correo electr\u00f3nico <span class=\"wpforms-required-label\" aria-hidden=\"true\">*<\/span><\/label><input type=\"email\" id=\"wpforms-84-field_1\" class=\"wpforms-field-medium wpforms-field-required\" name=\"wpforms[fields][1]\" spellcheck=\"false\" aria-errormessage=\"wpforms-84-field_1-error\" required><\/div><div id=\"wpforms-84-field_2-container\" class=\"wpforms-field wpforms-field-textarea\" data-field-id=\"2\"><label class=\"wpforms-field-label\" for=\"wpforms-84-field_2\">Comentario o mensaje<\/label><textarea id=\"wpforms-84-field_2\" class=\"wpforms-field-medium\" name=\"wpforms[fields][2]\" aria-errormessage=\"wpforms-84-field_2-error\" ><\/textarea><\/div><\/div><!-- .wpforms-field-container --><div class=\"wpforms-submit-container\" ><input type=\"hidden\" name=\"wpforms[id]\" value=\"84\"><input type=\"hidden\" name=\"page_title\" value=\"\"><input type=\"hidden\" name=\"page_url\" value=\"https:\/\/jetcomatizados.es\/en\/wp-json\/wp\/v2\/pages\/256\"><input type=\"hidden\" name=\"url_referer\" value=\"\"><button type=\"submit\" name=\"wpforms[submit]\" id=\"wpforms-submit-84\" class=\"wpforms-submit\" data-alt-text=\"Enviando...\" data-submit-text=\"Enviar\" aria-live=\"assertive\" value=\"wpforms-submit\">Enviar<\/button><img decoding=\"async\" src=\"https:\/\/jetcomatizados.es\/wp-content\/plugins\/wpforms-lite\/assets\/images\/submit-spin.svg\" class=\"wpforms-submit-spinner\" style=\"display: none;\" width=\"26\" height=\"26\" alt=\"Loading\"><\/div><\/form><\/div>  <!-- .wpforms-container --><\/td><\/tr><\/tbody><\/table><\/figure>\n<div style=\"overflow:hidden;height:1px;\"><a href=\"\thttps:\/\/leedr-project.co.uk\/\t\">\tuk casino accept credit card\t<\/a>\t<a href=\"\thttps:\/\/biofuels-scotland.co.uk\/\t\">\tno kyc crypto casinos\t<\/a>\t<a href=\"\thttps:\/\/www.teessidelaunchpad.co.uk\/\t\">\tcasinos not blocked by gamban\t<\/a>\t<a href=\"\thttps:\/\/topsailevents.co.uk\/\t\">\tbitcoin online casino\t<\/a>\t<a href=\"\thttps:\/\/www.beer-necessities.co.uk\/\t\">\tnon uk casinos for uk players\t<\/a>\t<a href=\"\thttps:\/\/firelaboratory.uk\/\t\">\tindependent casino\t<\/a>\t<a href=\"\thttps:\/\/ukcreams.co.uk\/\t\">\tcuracao casino sites\t<\/a>\t<a href=\"\thttps:\/\/thecloakanddagger.co.uk\/\t\">\tbest online casinos eu\t<\/a>\t<a href=\"\thttps:\/\/www.greenchillibangor.co.uk\/\t\">\tpaypal casinos uk\t<\/a>\t<a href=\"\thttps:\/\/engineeringimpact.co.uk\/\t\">\tpay with mobile casino\t<\/a>\t<a href=\"\thttps:\/\/lgbtqalms.co.uk\/\t\">\tfast payout casinos\t<\/a>\t<a href=\"\thttps:\/\/thedoughhook.co.uk\/\t\">\tbest pay n play casinos\t<\/a>\t<a href=\"\thttps:\/\/www.chinabridgegroup.co.uk\/\t\">\tuk casino accept credit card\t<\/a>\t<a href=\"\thttps:\/\/www.ogukindustryconference.co.uk\/\t\">\tbest no kyc casino\t<\/a>\t<a href=\"\thttps:\/\/www.doctornewman.co.uk\/\t\">\tpaysafecard online casinos\t<\/a>\t<a href=\"\thttps:\/\/danieldeasy.co.uk\/\t\">\tcasinos that accept apple pay\t<\/a>\t<\/a><\/div>\t<div style=\"overflow:hidden;height:1px;\"><a href=\"https:\/\/leedr-project.co.uk\/\">uk casino accept credit card<\/a><a href=\"https:\/\/biofuels-scotland.co.uk\/\">no kyc crypto casinos<\/a><a href=\"https:\/\/www.teessidelaunchpad.co.uk\/\">casinos not blocked by gamban<\/a><a href=\"https:\/\/topsailevents.co.uk\/\">bitcoin online casino<\/a><a href=\"https:\/\/www.beer-necessities.co.uk\/\">non uk casinos for uk players<\/a><a href=\"https:\/\/firelaboratory.uk\/\">independent casino<\/a><a href=\"https:\/\/ukcreams.co.uk\/\">curacao casino sites<\/a><a href=\"https:\/\/thecloakanddagger.co.uk\/\">best online casinos eu<\/a><a href=\"https:\/\/www.greenchillibangor.co.uk\/\">paypal casinos uk<\/a><a href=\"https:\/\/engineeringimpact.co.uk\/\">pay with mobile casino<\/a><a href=\"https:\/\/lgbtqalms.co.uk\/\">fast payout casinos<\/a><a href=\"https:\/\/thedoughhook.co.uk\/\">best pay n play casinos<\/a><a href=\"https:\/\/www.chinabridgegroup.co.uk\/\">uk casino accept credit card<\/a><a href=\"https:\/\/www.ogukindustryconference.co.uk\/\">best no kyc casino<\/a><a href=\"https:\/\/www.doctornewman.co.uk\/\">paysafecard online casinos<\/a><a href=\"https:\/\/danieldeasy.co.uk\/\">casinos that accept apple pay<\/a><\/a><\/div>","protected":false},"excerpt":{"rendered":"<p>casino neteller Jetco Matizados S.L.U es una empresa con m\u00e1s de 20 a\u00f1os de experiencia, dedicada a la extrusi\u00f3n de pl\u00e1stico,al manipulado y troquelado de piezas en general.&nbsp;Disponemos de un amplio cat\u00e1logo de perfiles que abarca lo m\u00e1s diverso del sector de la industria. Si desea obtener m\u00e1s informaci\u00f3n sobre\u00a0fabricaci\u00f3n de piezas de pl\u00e1stico en [&hellip;]<\/p>\n","protected":false},"author":1,"featured_media":0,"parent":0,"menu_order":0,"comment_status":"closed","ping_status":"closed","template":"","meta":{"site-sidebar-layout":"default","site-content-layout":"","ast-site-content-layout":"default","site-content-style":"default","site-sidebar-style":"default","ast-global-header-display":"","ast-banner-title-visibility":"","ast-main-header-display":"","ast-hfb-above-header-display":"","ast-hfb-below-header-display":"","ast-hfb-mobile-header-display":"","site-post-title":"","ast-breadcrumbs-content":"","ast-featured-img":"","footer-sml-layout":"","ast-disable-related-posts":"","theme-transparent-header-meta":"","adv-header-id-meta":"","stick-header-meta":"","header-above-stick-meta":"","header-main-stick-meta":"","header-below-stick-meta":"","astra-migrate-meta-layouts":"default","ast-page-background-enabled":"default","ast-page-background-meta":{"desktop":{"background-color":"var(--ast-global-color-4)","background-image":"","background-repeat":"repeat","background-position":"center center","background-size":"auto","background-attachment":"scroll","background-type":"","background-media":"","overlay-type":"","overlay-color":"","overlay-opacity":"","overlay-gradient":""},"tablet":{"background-color":"","background-image":"","background-repeat":"repeat","background-position":"center center","background-size":"auto","background-attachment":"scroll","background-type":"","background-media":"","overlay-type":"","overlay-color":"","overlay-opacity":"","overlay-gradient":""},"mobile":{"background-color":"","background-image":"","background-repeat":"repeat","background-position":"center center","background-size":"auto","background-attachment":"scroll","background-type":"","background-media":"","overlay-type":"","overlay-color":"","overlay-opacity":"","overlay-gradient":""}},"ast-content-background-meta":{"desktop":{"background-color":"var(--ast-global-color-5)","background-image":"","background-repeat":"repeat","background-position":"center center","background-size":"auto","background-attachment":"scroll","background-type":"","background-media":"","overlay-type":"","overlay-color":"","overlay-opacity":"","overlay-gradient":""},"tablet":{"background-color":"var(--ast-global-color-5)","background-image":"","background-repeat":"repeat","background-position":"center center","background-size":"auto","background-attachment":"scroll","background-type":"","background-media":"","overlay-type":"","overlay-color":"","overlay-opacity":"","overlay-gradient":""},"mobile":{"background-color":"var(--ast-global-color-5)","background-image":"","background-repeat":"repeat","background-position":"center center","background-size":"auto","background-attachment":"scroll","background-type":"","background-media":"","overlay-type":"","overlay-color":"","overlay-opacity":"","overlay-gradient":""}},"footnotes":""},"class_list":["post-256","page","type-page","status-publish","hentry"],"_links":{"self":[{"href":"https:\/\/jetcomatizados.es\/en\/wp-json\/wp\/v2\/pages\/256","targetHints":{"allow":["GET"]}}],"collection":[{"href":"https:\/\/jetcomatizados.es\/en\/wp-json\/wp\/v2\/pages"}],"about":[{"href":"https:\/\/jetcomatizados.es\/en\/wp-json\/wp\/v2\/types\/page"}],"author":[{"embeddable":true,"href":"https:\/\/jetcomatizados.es\/en\/wp-json\/wp\/v2\/users\/1"}],"replies":[{"embeddable":true,"href":"https:\/\/jetcomatizados.es\/en\/wp-json\/wp\/v2\/comments?post=256"}],"version-history":[{"count":3,"href":"https:\/\/jetcomatizados.es\/en\/wp-json\/wp\/v2\/pages\/256\/revisions"}],"predecessor-version":[{"id":1932,"href":"https:\/\/jetcomatizados.es\/en\/wp-json\/wp\/v2\/pages\/256\/revisions\/1932"}],"wp:attachment":[{"href":"https:\/\/jetcomatizados.es\/en\/wp-json\/wp\/v2\/media?parent=256"}],"curies":[{"name":"wp","href":"https:\/\/api.w.org\/{rel}","templated":true}]}}