{"id":241,"date":"2024-01-25T15:12:19","date_gmt":"2024-01-25T14:12:19","guid":{"rendered":"https:\/\/jetcomatizados.es\/?page_id=241"},"modified":"2024-01-25T15:27:37","modified_gmt":"2024-01-25T14:27:37","slug":"extrusion-de-plastico-y-manipulado-en-barcelona","status":"publish","type":"page","link":"https:\/\/jetcomatizados.es\/en\/extrusion-de-plastico-y-manipulado-en-barcelona\/","title":{"rendered":"Extrusi\u00f3n de plastico y manipulado en Barcelona"},"content":{"rendered":"\n<p><strong>Jetco Matizados S.L.U es una empresa con m\u00e1s de 20 a\u00f1os de experiencia, dedicada a la extrusi\u00f3n de pl\u00e1stico,al manipulado y troquelado de piezas en general.<\/strong> Disponemos de un amplio cat\u00e1logo de perfiles que abarca lo m\u00e1s diverso del sector de la industria.<\/p>\n\n\n\n<p class=\"has-ast-global-color-1-color has-text-color has-link-color wp-elements-715d6f5da1c741012ce2c4effe485ad7\"><a href=\"https:\/\/jetcomatizados.es\/extrusion-de-piezas-de-plastico-en-barcelona\/\" target=\"_blank\" rel=\"noreferrer noopener\">Extrusi\u00f3n de piezas de pl\u00e1stico en Barcelona<\/a><\/p>\n\n\n\n<p class=\"has-ast-global-color-1-color has-text-color has-link-color wp-elements-c71478fde998441cd96aab3a858910a7\"><a href=\"https:\/\/jetcomatizados.es\/manipulado-de-piezas-de-plastico-en-barcelona\/\" target=\"_blank\" rel=\"noreferrer noopener\">Manipulado de piezas de pl\u00e1stico en Barcelona<\/a><\/p>\n\n\n\n<p class=\"has-ast-global-color-1-color has-text-color has-link-color wp-elements-fbb87e074f62ebea766bd0dc43def512\"><a href=\"https:\/\/jetcomatizados.es\/matizado-y-troquelado-de-piezas-de-plastico-en-barcelona\/\" target=\"_blank\" rel=\"noreferrer noopener\">Matizado y troquelado de piezas de pl\u00e1stico en Barcelona<\/a><\/p>\n\n\n\n<p class=\"has-ast-global-color-1-color has-text-color has-link-color wp-elements-1da67e7d3005452ab30c7e0b30bc7afa\"><a href=\"https:\/\/jetcomatizados.es\/troquelado-de-piezas-de-plastico-en-barcelona\/\" target=\"_blank\" rel=\"noreferrer noopener\">Troquelado de piezas de pl\u00e1stico en Barcelona<\/a><\/p>\n\n\n\n<p class=\"has-ast-global-color-1-color has-text-color has-link-color wp-elements-8c08f32ecb4d12a3aa776e26db9fda57\"><a href=\"https:\/\/jetcomatizados.es\/fabricacion-de-piezas-de-plastico-en-barcelona\/\" target=\"_blank\" rel=\"noreferrer noopener\">Fabricaci\u00f3n de piezas de pl\u00e1stico en Barcelona<\/a><\/p>\n\n\n\n<p class=\"has-ast-global-color-1-color has-text-color has-link-color wp-elements-b8413ae579e294ea0cc8ced6eaf19eae\"><a href=\"https:\/\/jetcomatizados.es\/fabricacion-de-perfiles-de-plastico-en-barcelona\/\" target=\"_blank\" rel=\"noreferrer noopener\">Fabricaci\u00f3n de perfiles de pl\u00e1stico en Barcelona<\/a><\/p>\n\n\n\n<p>Si desea obtener m\u00e1s informaci\u00f3n sobre <strong>extrusi\u00f3n de pl\u00e1stico y manipulado en Barcelona<\/strong> p\u00f3ngase en contacto con nosotros, estaremos encantados de atenderle.<\/p>\n\n\n\n<figure class=\"wp-block-table\"><table><tbody><tr><td><style id=\"wpforms-css-vars-84\">\n\t\t\t\t#wpforms-84 {\n\t\t\t\t\n\t\t\t}\n\t\t\t<\/style><div class=\"wpforms-container wpforms-container-full wpforms-render-modern\" id=\"wpforms-84\"><form id=\"wpforms-form-84\" class=\"wpforms-validate wpforms-form wpforms-ajax-form\" data-formid=\"84\" method=\"post\" enctype=\"multipart\/form-data\" action=\"\/en\/wp-json\/wp\/v2\/pages\/241\" data-token=\"5f2270b40c14dd022b02a4ff3545b6ec\" data-token-time=\"1775370930\"><noscript class=\"wpforms-error-noscript\">Please enable JavaScript in your browser to complete this form.<\/noscript><div id=\"wpforms-error-noscript\" style=\"display: none;\">Please enable JavaScript in your browser to complete this form.<\/div><div class=\"wpforms-field-container\"><div id=\"wpforms-84-field_0-container\" class=\"wpforms-field wpforms-field-name\" data-field-id=\"0\"><fieldset><legend class=\"wpforms-field-label\">Nombre <span class=\"wpforms-required-label\" aria-hidden=\"true\">*<\/span><\/legend><div class=\"wpforms-field-row wpforms-field-medium\"><div class=\"wpforms-field-row-block wpforms-first wpforms-one-half\"><input type=\"text\" id=\"wpforms-84-field_0\" class=\"wpforms-field-name-first wpforms-field-required\" name=\"wpforms[fields][0][first]\" aria-errormessage=\"wpforms-84-field_0-error\" required><label for=\"wpforms-84-field_0\" class=\"wpforms-field-sublabel after\">First<\/label><\/div><div class=\"wpforms-field-row-block wpforms-one-half\"><input type=\"text\" id=\"wpforms-84-field_0-last\" class=\"wpforms-field-name-last wpforms-field-required\" name=\"wpforms[fields][0][last]\" aria-errormessage=\"wpforms-84-field_0-last-error\" required><label for=\"wpforms-84-field_0-last\" class=\"wpforms-field-sublabel after\">Last<\/label><\/div><\/div><\/fieldset><\/div><div id=\"wpforms-84-field_1-container\" class=\"wpforms-field wpforms-field-email\" data-field-id=\"1\"><label class=\"wpforms-field-label\" for=\"wpforms-84-field_1\">Correo electr\u00f3nico <span class=\"wpforms-required-label\" aria-hidden=\"true\">*<\/span><\/label><input type=\"email\" id=\"wpforms-84-field_1\" class=\"wpforms-field-medium wpforms-field-required\" name=\"wpforms[fields][1]\" spellcheck=\"false\" aria-errormessage=\"wpforms-84-field_1-error\" required><\/div><div id=\"wpforms-84-field_2-container\" class=\"wpforms-field wpforms-field-textarea\" data-field-id=\"2\"><label class=\"wpforms-field-label\" for=\"wpforms-84-field_2\">Comentario o mensaje<\/label><textarea id=\"wpforms-84-field_2\" class=\"wpforms-field-medium\" name=\"wpforms[fields][2]\" aria-errormessage=\"wpforms-84-field_2-error\" ><\/textarea><\/div><\/div><!-- .wpforms-field-container --><div class=\"wpforms-submit-container\" ><input type=\"hidden\" name=\"wpforms[id]\" value=\"84\"><input type=\"hidden\" name=\"page_title\" value=\"\"><input type=\"hidden\" name=\"page_url\" value=\"https:\/\/jetcomatizados.es\/en\/wp-json\/wp\/v2\/pages\/241\"><input type=\"hidden\" name=\"url_referer\" value=\"\"><button type=\"submit\" name=\"wpforms[submit]\" id=\"wpforms-submit-84\" class=\"wpforms-submit\" data-alt-text=\"Enviando...\" data-submit-text=\"Enviar\" aria-live=\"assertive\" value=\"wpforms-submit\">Enviar<\/button><img decoding=\"async\" src=\"https:\/\/jetcomatizados.es\/wp-content\/plugins\/wpforms-lite\/assets\/images\/submit-spin.svg\" class=\"wpforms-submit-spinner\" style=\"display: none;\" width=\"26\" height=\"26\" alt=\"Loading\"><\/div><\/form><\/div>  <!-- .wpforms-container --><\/td><\/tr><\/tbody><\/table><\/figure>\n","protected":false},"excerpt":{"rendered":"<p>Jetco Matizados S.L.U es una empresa con m\u00e1s de 20 a\u00f1os de experiencia, dedicada a la extrusi\u00f3n de pl\u00e1stico,al manipulado y troquelado de piezas en general. Disponemos de un amplio cat\u00e1logo de perfiles que abarca lo m\u00e1s diverso del sector de la industria. Extrusi\u00f3n de piezas de pl\u00e1stico en Barcelona Manipulado de piezas de pl\u00e1stico [&hellip;]<\/p>\n","protected":false},"author":1,"featured_media":0,"parent":0,"menu_order":0,"comment_status":"closed","ping_status":"closed","template":"","meta":{"site-sidebar-layout":"default","site-content-layout":"","ast-site-content-layout":"default","site-content-style":"default","site-sidebar-style":"default","ast-global-header-display":"","ast-banner-title-visibility":"","ast-main-header-display":"","ast-hfb-above-header-display":"","ast-hfb-below-header-display":"","ast-hfb-mobile-header-display":"","site-post-title":"","ast-breadcrumbs-content":"","ast-featured-img":"","footer-sml-layout":"","ast-disable-related-posts":"","theme-transparent-header-meta":"","adv-header-id-meta":"","stick-header-meta":"","header-above-stick-meta":"","header-main-stick-meta":"","header-below-stick-meta":"","astra-migrate-meta-layouts":"default","ast-page-background-enabled":"default","ast-page-background-meta":{"desktop":{"background-color":"var(--ast-global-color-4)","background-image":"","background-repeat":"repeat","background-position":"center center","background-size":"auto","background-attachment":"scroll","background-type":"","background-media":"","overlay-type":"","overlay-color":"","overlay-opacity":"","overlay-gradient":""},"tablet":{"background-color":"","background-image":"","background-repeat":"repeat","background-position":"center center","background-size":"auto","background-attachment":"scroll","background-type":"","background-media":"","overlay-type":"","overlay-color":"","overlay-opacity":"","overlay-gradient":""},"mobile":{"background-color":"","background-image":"","background-repeat":"repeat","background-position":"center center","background-size":"auto","background-attachment":"scroll","background-type":"","background-media":"","overlay-type":"","overlay-color":"","overlay-opacity":"","overlay-gradient":""}},"ast-content-background-meta":{"desktop":{"background-color":"var(--ast-global-color-5)","background-image":"","background-repeat":"repeat","background-position":"center center","background-size":"auto","background-attachment":"scroll","background-type":"","background-media":"","overlay-type":"","overlay-color":"","overlay-opacity":"","overlay-gradient":""},"tablet":{"background-color":"var(--ast-global-color-5)","background-image":"","background-repeat":"repeat","background-position":"center center","background-size":"auto","background-attachment":"scroll","background-type":"","background-media":"","overlay-type":"","overlay-color":"","overlay-opacity":"","overlay-gradient":""},"mobile":{"background-color":"var(--ast-global-color-5)","background-image":"","background-repeat":"repeat","background-position":"center center","background-size":"auto","background-attachment":"scroll","background-type":"","background-media":"","overlay-type":"","overlay-color":"","overlay-opacity":"","overlay-gradient":""}},"footnotes":""},"class_list":["post-241","page","type-page","status-publish","hentry"],"_links":{"self":[{"href":"https:\/\/jetcomatizados.es\/en\/wp-json\/wp\/v2\/pages\/241","targetHints":{"allow":["GET"]}}],"collection":[{"href":"https:\/\/jetcomatizados.es\/en\/wp-json\/wp\/v2\/pages"}],"about":[{"href":"https:\/\/jetcomatizados.es\/en\/wp-json\/wp\/v2\/types\/page"}],"author":[{"embeddable":true,"href":"https:\/\/jetcomatizados.es\/en\/wp-json\/wp\/v2\/users\/1"}],"replies":[{"embeddable":true,"href":"https:\/\/jetcomatizados.es\/en\/wp-json\/wp\/v2\/comments?post=241"}],"version-history":[{"count":4,"href":"https:\/\/jetcomatizados.es\/en\/wp-json\/wp\/v2\/pages\/241\/revisions"}],"predecessor-version":[{"id":259,"href":"https:\/\/jetcomatizados.es\/en\/wp-json\/wp\/v2\/pages\/241\/revisions\/259"}],"wp:attachment":[{"href":"https:\/\/jetcomatizados.es\/en\/wp-json\/wp\/v2\/media?parent=241"}],"curies":[{"name":"wp","href":"https:\/\/api.w.org\/{rel}","templated":true}]}}