{"id":189,"date":"2023-09-18T18:47:31","date_gmt":"2023-09-18T16:47:31","guid":{"rendered":"https:\/\/jetcomatizados.es\/?page_id=189"},"modified":"2023-09-18T18:48:08","modified_gmt":"2023-09-18T16:48:08","slug":"aviso-legal","status":"publish","type":"page","link":"https:\/\/jetcomatizados.es\/en\/aviso-legal\/","title":{"rendered":"Aviso Legal"},"content":{"rendered":"<p><strong>Datos identificativos<\/strong><\/p>\n\n\n\n<p>1. Est\u00e1s\u00a0visitando la p\u00e1gina web\u00a0https:\/\/jetcomatizados.es\/\u00a0titularidad de\u00a0\u00a0Jetco S.L.U, con domicilio social en\u00a0Carrer CREUETA PARCL-2, NAVE-1, 08184 Santa Perp\u00e8tua de Mogoda, Barcelona.<\/p>\n\n\n\n<p>La actividad no est\u00e1 sujeta a ning\u00fan r\u00e9gimen de autorizaci\u00f3n administrativa previa.<\/p>\n\n\n\n<p>Puedes contactar con EL TITULAR por cualquiera de los siguientes medios:<\/p>\n\n\n\n<p>Tel\u00e9fono:&nbsp;938 66 76 98<\/p>\n\n\n\n<p>Correo electr\u00f3nico de contacto:&nbsp;info@jetcomatizados.es<\/p>\n\n\n\n<p><strong>Hospedaje web<\/strong><\/p>\n\n\n\n<p><strong>Usuarios<\/strong><\/p>\n\n\n\n<p>2. Estas condiciones (en adelante Aviso Legal) tienen por finalidad regular el uso de la p\u00e1gina web de EL TITULAR que pone a disposici\u00f3n del p\u00fablico.<\/p>\n\n\n\n<p>El acceso y\/o uso de esta p\u00e1gina web de EL TITULAR atribuye la condici\u00f3n de USUARIO, que acepta, desde dicho acceso y\/o uso, las condiciones generales de uso aqu\u00ed reflejadas. Estas&nbsp;condiciones ser\u00e1n de aplicaci\u00f3n independientemente de las condiciones generales de contrataci\u00f3n que en su caso resulten de obligado cumplimiento.<\/p>\n\n\n\n<p><strong>Uso del portal<\/strong><\/p>\n\n\n\n<p>3.&nbsp;https:\/\/jetcomatizados.es\/<strong>&nbsp;<\/strong>proporciona el acceso a multitud de informaciones, servicios, programas o datos (en adelante,&nbsp;<strong>\u00ablos contenidos\u00bb)<\/strong>&nbsp;en Internet pertenecientes a EL TITULAR o a sus licenciantes a los que el USUARIO pueda tener acceso.<\/p>\n\n\n\n<p>El USUARIO asume la responsabilidad del uso del sitio web.&nbsp;Dicha responsabilidad se extiende al registro que fuese necesario para acceder a determinados servicios o contenidos. En dicho registro el USUARIO ser\u00e1 responsable de aportar informaci\u00f3n real&nbsp;y l\u00edcita. Como consecuencia de este registro, al USUARIO se le puede entregar&nbsp;una contrase\u00f1a de la que ser\u00e1 responsable, comprometi\u00e9ndose a hacer un uso diligente y confidencial de la misma.<\/p>\n\n\n\n<p>El USUARIO se compromete a hacer un uso adecuado de los contenidos y servicios (p.e.&nbsp;servicios de chat, foros de discusi\u00f3n o grupos de noticias) que EL TITULAR ofrece a trav\u00e9s de su sitio&nbsp;y (con car\u00e1cter enunciativo pero no limitativo), a no usarlos para:<\/p>\n\n\n\n<ul class=\"wp-block-list\">\n<li>Realizar&nbsp;actividades il\u00edcitas, ilegales o contrarias a la buena fe y al orden p\u00fablico<\/li>\n\n\n\n<li>Difundir contenidos o propaganda de car\u00e1cter racista, xen\u00f3fobo, pornogr\u00e1fico-ilegal, de apolog\u00eda del terrorismo o atentatorio contra los derechos humanos<\/li>\n\n\n\n<li>Provocar da\u00f1os en los sistemas f\u00edsicos y l\u00f3gicos de El TITULAR, de sus proveedores o de terceras personas, introducir o difundir en la red virus inform\u00e1ticos o cualesquiera otros sistemas f\u00edsicos o l\u00f3gicos que sean susceptibles de provocar los da\u00f1os anteriormente mencionados<\/li>\n\n\n\n<li>Intentar acceder y, en su caso, utilizar las cuentas de correo electr\u00f3nico de otros usuarios y modificar o manipular sus mensajes<\/li>\n\n\n\n<li>Utilizar el sitio web ni las informaciones que en \u00e9l se contienen con fines comerciales, pol\u00edticos, publicitarios y para cualquier uso comercial, sobre todo el env\u00edo de correos electr\u00f3nicos no solicitados.<\/li>\n<\/ul>\n\n\n\n<p>EL TITULAR tiene el derecho de retirar todos aquellos comentarios y aportaciones que vulneren el respeto a la dignidad de la persona, que sean discriminatorios, xen\u00f3fobos, racistas, pornogr\u00e1ficos, que atenten contra la juventud o la infancia, el orden o la seguridad p\u00fablica o que, a su juicio, no sean adecuados&nbsp;para su publicaci\u00f3n. En cualquier caso, EL TITULAR no ser\u00e1 responsable de las opiniones vertidas por los usuarios a trav\u00e9s de los foros, chats, u otras herramientas de participaci\u00f3n.<\/p>\n\n\n\n<p><strong>Protecci\u00f3n de datos<\/strong><\/p>\n\n\n\n<p>4. Todo lo relativo a la pol\u00edtica de protecci\u00f3n de datos se encuentra recogido en el documento de pol\u00edtica de privacidad.<\/p>\n\n\n\n<p><strong>Contenidos. Propiedad intelectual e industrial<\/strong><\/p>\n\n\n\n<p>5. EL TITULAR es propietario de todos los derechos de propiedad intelectual e industrial de su p\u00e1gina web, as\u00ed como de los elementos contenidos en la misma (a t\u00edtulo enunciativo: im\u00e1genes, fotograf\u00edas, sonido, audio, v\u00eddeo, software o textos; marcas o logotipos, combinaciones de colores, estructura y dise\u00f1o, selecci\u00f3n de materiales usados, programas de ordenador necesarios para su funcionamiento, acceso y uso, etc.), titularidad del TITULAR o de sus licenciantes.<\/p>\n\n\n\n<p>Todos los derechos reservados. De acuerdo con lo establecido en los art\u00edculos 8 y 32.1, p\u00e1rrafo segundo, de la Ley de Propiedad Intelectual, quedan expresamente prohibidas la reproducci\u00f3n, la distribuci\u00f3n y la comunicaci\u00f3n p\u00fablica, incluida su modalidad de puesta a disposici\u00f3n, de la totalidad o parte de los contenidos de esta p\u00e1gina web, con fines comerciales, en cualquier soporte y por cualquier medio t\u00e9cnico, sin la autorizaci\u00f3n del TITULAR.<\/p>\n\n\n\n<p>El USUARIO se compromete a respetar los derechos de Propiedad Intelectual e Industrial titularidad del TITULAR. Podr\u00e1 visualizar los elementos del sitio&nbsp;e incluso imprimirlos, copiarlos y almacenarlos en el disco duro de su ordenador o en cualquier otro soporte f\u00edsico siempre y cuando sea, \u00fanica y exclusivamente, para su uso personal y privado. El USUARIO no podr\u00e1 suprimir, alterar, eludir o manipular cualquier dispositivo de protecci\u00f3n o sistema de seguridad que estuviera instalado en las p\u00e1ginas del TITULAR.<\/p>\n\n\n\n<p><strong>Exclusi\u00f3n de garant\u00edas y responsabilidad<\/strong><\/p>\n\n\n\n<p>6.&nbsp;El USUARIO reconoce que la utilizaci\u00f3n de la p\u00e1gina web y de sus contenidos y servicios se desarrolla bajo su \u00fanica&nbsp;responsabilidad. En concreto, a t\u00edtulo meramente enunciativo, &nbsp;EL TITULAR &nbsp;no asume ninguna responsabilidad en los siguientes \u00e1mbitos:<\/p>\n\n\n\n<p>a) La disponibilidad en el funcionamiento de la&nbsp;p\u00e1gina web, sus servicios y contenidos y su calidad o interoperabilidad.<\/p>\n\n\n\n<p>b) La finalidad para la que la p\u00e1gina web sirva a los objetivos del USUARIO.<\/p>\n\n\n\n<p>c) La infracci\u00f3n de la legislaci\u00f3n vigente por parte del USUARIO o terceros y, en concreto, de los derechos de propiedad intelectual o industrial que sean propiedad de otras personas o entidades.<\/p>\n\n\n\n<p>d) La existencia de c\u00f3digos maliciosos o cualquier otro elemento inform\u00e1tico da\u00f1ino que pudiera causar da\u00f1os al sistema inform\u00e1tico del USUARIO o de terceros. Es responsabilidad del USUARIO, en todo caso, disponer de herramientas adecuadas para la detecci\u00f3n y desinfecci\u00f3n de estos elementos.<\/p>\n\n\n\n<p>e) El acceso fraudulento a los contenidos o servicios por terceros no autorizados, o, en su caso, la captura, eliminaci\u00f3n, alteraci\u00f3n, modificaci\u00f3n o manipulaci\u00f3n de los mensajes y comunicaciones de cualquier clase que dichos terceros pudieran realizar.<\/p>\n\n\n\n<p>f) La exactitud, veracidad, actualidad y utilidad de los contenidos y servicios ofrecidos y la utilizaci\u00f3n posterior que de ellos haga el USUARIO. EL TITULAR pondr\u00e1&nbsp;todos los esfuerzos y medios razonables para facilitar la informaci\u00f3n actualizada y fehaciente.<\/p>\n\n\n\n<p>g) Los da\u00f1os producidos a equipos inform\u00e1ticos durante el acceso a la p\u00e1gina web y los da\u00f1os producidos a los USUARIOS cuando tengan su origen en fallos o desconexiones en las redes de telecomunicaciones que interrumpan el servicio.<\/p>\n\n\n\n<p>h) Los da\u00f1os o perjuicios que se deriven de circunstancias ocurridas&nbsp;por caso fortuito o fuerza mayor<\/p>\n\n\n\n<p>En caso de que existan foros, en el uso de los mismos u otros espacios an\u00e1logos, ha de tenerse en cuenta que, los mensajes reflejan \u00fanicamente la opini\u00f3n del USUARIO que los remite, que es el \u00fanico responsable. EL TITULAR no se hace responsable del contenido de los mensajes enviados por el USUARIO.<\/p>\n\n\n\n<p><strong>Modificaci\u00f3n de este aviso legal y duraci\u00f3n<\/strong><\/p>\n\n\n\n<p>7. EL TITULAR se reserva el derecho de realizar&nbsp;sin previo aviso las modificaciones que considere oportunas en el sitio web, pudiendo cambiar, suprimir o a\u00f1adir tanto los contenidos y servicios que se presten a trav\u00e9s de la misma como la forma en la que \u00e9stos aparezcan presentados o localizados en el sitio web.<\/p>\n\n\n\n<p>La vigencia de las citadas condiciones ir\u00e1 en funci\u00f3n de su exposici\u00f3n y estar\u00e1n vigentes hasta que sean modificadas por otras debidamente publicadas.<\/p>\n\n\n\n<p><strong>Enlaces<\/strong><\/p>\n\n\n\n<p>8. En el caso de que en&nbsp;https:\/\/jetcomatizados.es\/<strong>&nbsp;<\/strong>se incluyesen enlaces o hiperv\u00ednculos a&nbsp;otros sitios de Internet, EL TITULAR no ejercer\u00e1 ning\u00fan tipo de control sobre dichos sitios y contenidos. En ning\u00fan caso EL TITULAR asumir\u00e1 responsabilidad alguna por los contenidos de alg\u00fan enlace perteneciente a un sitio web ajeno, ni garantizar\u00e1 la disponibilidad t\u00e9cnica, calidad, fiabilidad, exactitud, amplitud, veracidad, validez y constitucionalidad de cualquier material o informaci\u00f3n contenido&nbsp;en ninguno de dichos hiperv\u00ednculos u otros sitios de Internet. Igualmente, la inclusi\u00f3n de estas conexiones externas no implicar\u00e1 ning\u00fan tipo de asociaci\u00f3n, fusi\u00f3n o participaci\u00f3n con las entidades conectadas.<\/p>\n\n\n\n<p><strong>Derecho de exclusi\u00f3n<\/strong><\/p>\n\n\n\n<p>9. EL TITULAR se reserva el derecho a denegar o retirar el acceso al sitio web&nbsp;y\/o los servicios ofrecidos sin necesidad de advertencia previa, a instancia propia o de un tercero, a aquellos usuarios que incumplan el contenido de este aviso legal.<\/p>\n\n\n\n<p><strong>Generalidades<\/strong><\/p>\n\n\n\n<p>10. EL TITULAR perseguir\u00e1 el incumplimiento de estas&nbsp;condiciones as\u00ed como cualquier utilizaci\u00f3n indebida del sitio web&nbsp;ejerciendo todas las acciones civiles y penales que le puedan corresponder en derecho.<\/p>\n\n\n\n<p><strong>Legislaci\u00f3n aplicable y jurisdicci\u00f3n<\/strong><\/p>\n\n\n\n<p>11. La relaci\u00f3n entre EL TITULAR y el USUARIO se regir\u00e1 por la normativa espa\u00f1ola vigente. Todas las disputas y reclamaciones derivadas de este aviso legal se resolver\u00e1n por los juzgados y tribunales competentes.<\/p>\n\n\n\n<p>Esta pol\u00edtica fue actualizada el d\u00eda\u00a018 de septiembre de 2023\u00a0para adaptarse al Reglamento (UE) 2016\/679 del Parlamento Europeo y del Consejo, de 27 de abril de 2016 relativo a la protecci\u00f3n de las personas f\u00edsicas en lo que respecta al tratamiento de datos personales y a la libre circulaci\u00f3n de estos datos (RGPD)<\/p>","protected":false},"excerpt":{"rendered":"<p>Datos identificativos 1. Est\u00e1s\u00a0visitando la p\u00e1gina web\u00a0https:\/\/jetcomatizados.es\/\u00a0titularidad de\u00a0\u00a0Jetco S.L.U, con domicilio social en\u00a0Carrer CREUETA PARCL-2, NAVE-1, 08184 Santa Perp\u00e8tua de Mogoda, Barcelona. La actividad no est\u00e1 sujeta a ning\u00fan r\u00e9gimen de autorizaci\u00f3n administrativa previa. Puedes contactar con EL TITULAR por cualquiera de los siguientes medios: Tel\u00e9fono:&nbsp;938 66 76 98 Correo electr\u00f3nico de contacto:&nbsp;info@jetcomatizados.es Hospedaje web [&hellip;]<\/p>\n","protected":false},"author":1,"featured_media":0,"parent":0,"menu_order":0,"comment_status":"closed","ping_status":"closed","template":"","meta":{"site-sidebar-layout":"default","site-content-layout":"","ast-site-content-layout":"default","site-content-style":"default","site-sidebar-style":"default","ast-global-header-display":"","ast-banner-title-visibility":"","ast-main-header-display":"","ast-hfb-above-header-display":"","ast-hfb-below-header-display":"","ast-hfb-mobile-header-display":"","site-post-title":"","ast-breadcrumbs-content":"","ast-featured-img":"","footer-sml-layout":"","ast-disable-related-posts":"","theme-transparent-header-meta":"","adv-header-id-meta":"","stick-header-meta":"","header-above-stick-meta":"","header-main-stick-meta":"","header-below-stick-meta":"","astra-migrate-meta-layouts":"default","ast-page-background-enabled":"default","ast-page-background-meta":{"desktop":{"background-color":"var(--ast-global-color-4)","background-image":"","background-repeat":"repeat","background-position":"center center","background-size":"auto","background-attachment":"scroll","background-type":"","background-media":"","overlay-type":"","overlay-color":"","overlay-opacity":"","overlay-gradient":""},"tablet":{"background-color":"","background-image":"","background-repeat":"repeat","background-position":"center center","background-size":"auto","background-attachment":"scroll","background-type":"","background-media":"","overlay-type":"","overlay-color":"","overlay-opacity":"","overlay-gradient":""},"mobile":{"background-color":"","background-image":"","background-repeat":"repeat","background-position":"center center","background-size":"auto","background-attachment":"scroll","background-type":"","background-media":"","overlay-type":"","overlay-color":"","overlay-opacity":"","overlay-gradient":""}},"ast-content-background-meta":{"desktop":{"background-color":"var(--ast-global-color-5)","background-image":"","background-repeat":"repeat","background-position":"center center","background-size":"auto","background-attachment":"scroll","background-type":"","background-media":"","overlay-type":"","overlay-color":"","overlay-opacity":"","overlay-gradient":""},"tablet":{"background-color":"var(--ast-global-color-5)","background-image":"","background-repeat":"repeat","background-position":"center center","background-size":"auto","background-attachment":"scroll","background-type":"","background-media":"","overlay-type":"","overlay-color":"","overlay-opacity":"","overlay-gradient":""},"mobile":{"background-color":"var(--ast-global-color-5)","background-image":"","background-repeat":"repeat","background-position":"center center","background-size":"auto","background-attachment":"scroll","background-type":"","background-media":"","overlay-type":"","overlay-color":"","overlay-opacity":"","overlay-gradient":""}},"footnotes":""},"class_list":["post-189","page","type-page","status-publish","hentry"],"_links":{"self":[{"href":"https:\/\/jetcomatizados.es\/en\/wp-json\/wp\/v2\/pages\/189","targetHints":{"allow":["GET"]}}],"collection":[{"href":"https:\/\/jetcomatizados.es\/en\/wp-json\/wp\/v2\/pages"}],"about":[{"href":"https:\/\/jetcomatizados.es\/en\/wp-json\/wp\/v2\/types\/page"}],"author":[{"embeddable":true,"href":"https:\/\/jetcomatizados.es\/en\/wp-json\/wp\/v2\/users\/1"}],"replies":[{"embeddable":true,"href":"https:\/\/jetcomatizados.es\/en\/wp-json\/wp\/v2\/comments?post=189"}],"version-history":[{"count":2,"href":"https:\/\/jetcomatizados.es\/en\/wp-json\/wp\/v2\/pages\/189\/revisions"}],"predecessor-version":[{"id":192,"href":"https:\/\/jetcomatizados.es\/en\/wp-json\/wp\/v2\/pages\/189\/revisions\/192"}],"wp:attachment":[{"href":"https:\/\/jetcomatizados.es\/en\/wp-json\/wp\/v2\/media?parent=189"}],"curies":[{"name":"wp","href":"https:\/\/api.w.org\/{rel}","templated":true}]}}